{"id":210,"date":"2020-06-10T10:52:40","date_gmt":"2020-06-10T10:52:40","guid":{"rendered":"http:\/\/www.inve.at\/?page_id=210"},"modified":"2025-10-06T19:49:42","modified_gmt":"2025-10-06T19:49:42","slug":"kontakt","status":"publish","type":"page","link":"https:\/\/www.inve.at\/en\/kontakt\/","title":{"rendered":"Contact us"},"content":{"rendered":"<p><strong>Inve OG<\/strong><\/p>\n\n\n\n<p>Sch\u00f6ffbenkerstrasse 29<br>A-4801 Traunkirchen<\/p>\n\n\n\n<p>Liebe Kunden,<\/p>\n\n\n\n<p>wir sind gerne f\u00fcr alle Anliegen per Mail erreichbar. W\u00fcnschen Sie eine telefonische Beratung zu unseren Produkten? Teilen Sie dies per Mail mit und lassen Sie uns wissen, wann Sie erreichbar sind, dann rufen wir Sie gerne an.<\/p>\n\n\n\n<p>Email:\u00a0<a href=\"mailto:office@inve.at\"><strong>office@inve.at<\/strong><\/a><\/p>","protected":false},"excerpt":{"rendered":"<p>Inve OG Sch\u00f6ffbenkerstra\u00dfe 29A-4801 Traunkirchen Liebe Kunden, wir sind gerne f\u00fcr alle Anliegen per Mail erreichbar. W\u00fcnschen Sie eine telefonische Beratung zu unseren Produkten? Teilen Sie dies per Mail mit und lassen Sie uns wissen, &#8230; <\/p>\n<p class=\"read-more-container\"><a title=\"Contact us\" class=\"read-more button\" href=\"https:\/\/www.inve.at\/en\/kontakt\/#more-210\" aria-label=\"Read more about Kontakt\">Read more<\/a><\/p>","protected":false},"author":1,"featured_media":0,"parent":0,"menu_order":0,"comment_status":"closed","ping_status":"closed","template":"","meta":{"footnotes":""},"class_list":["post-210","page","type-page","status-publish"],"_links":{"self":[{"href":"https:\/\/www.inve.at\/en\/wp-json\/wp\/v2\/pages\/210","targetHints":{"allow":["GET"]}}],"collection":[{"href":"https:\/\/www.inve.at\/en\/wp-json\/wp\/v2\/pages"}],"about":[{"href":"https:\/\/www.inve.at\/en\/wp-json\/wp\/v2\/types\/page"}],"author":[{"embeddable":true,"href":"https:\/\/www.inve.at\/en\/wp-json\/wp\/v2\/users\/1"}],"replies":[{"embeddable":true,"href":"https:\/\/www.inve.at\/en\/wp-json\/wp\/v2\/comments?post=210"}],"version-history":[{"count":4,"href":"https:\/\/www.inve.at\/en\/wp-json\/wp\/v2\/pages\/210\/revisions"}],"predecessor-version":[{"id":5255,"href":"https:\/\/www.inve.at\/en\/wp-json\/wp\/v2\/pages\/210\/revisions\/5255"}],"wp:attachment":[{"href":"https:\/\/www.inve.at\/en\/wp-json\/wp\/v2\/media?parent=210"}],"curies":[{"name":"wp","href":"https:\/\/api.w.org\/{rel}","templated":true}]}}