{"id":6269,"date":"2026-01-21T18:56:04","date_gmt":"2026-01-21T18:56:04","guid":{"rendered":"https:\/\/www.inve.at\/?page_id=6269"},"modified":"2026-01-23T09:20:49","modified_gmt":"2026-01-23T09:20:49","slug":"tensor-seminare-mit-thomas-leitner","status":"publish","type":"page","link":"https:\/\/www.inve.at\/en\/tensor-seminare-mit-thomas-leitner\/","title":{"rendered":"Tensor Seminars with Thomas Leitner"},"content":{"rendered":"<h2 class=\"wp-block-heading\"><em>In\u2011depth, hands\u2011on training by a professional \u2013 for beginners and advanced practitioners alike<\/em><\/h2>\n\n\n\n<div style=\"height:80px\" aria-hidden=\"true\" class=\"wp-block-spacer\"><\/div>\n\n\n\n<p><strong>From the Workshop Floor to the Seminar Room<\/strong><\/p>\n\n\n<div class=\"wp-block-image\">\n<figure class=\"alignright size-full is-resized\"><img loading=\"lazy\" decoding=\"async\" width=\"570\" height=\"600\" src=\"https:\/\/www.inve.at\/wp-content\/uploads\/2026\/01\/tom_frei-600px.png\" alt=\"\" class=\"wp-image-6272\" style=\"width:192px;height:auto\" srcset=\"https:\/\/www.inve.at\/wp-content\/uploads\/2026\/01\/tom_frei-600px.png 570w, https:\/\/www.inve.at\/wp-content\/uploads\/2026\/01\/tom_frei-600px-285x300.png 285w, https:\/\/www.inve.at\/wp-content\/uploads\/2026\/01\/tom_frei-600px-11x12.png 11w\" sizes=\"auto, (max-width: 570px) 100vw, 570px\" \/><\/figure><\/div>\n\n\n<p>Thomas Leitner knows the \u00d6kotensor like few others. As the nephew of Ernst Weberstorfer, the developer of the Original \u00d6kotensor, he grew up with this instrument. Over more than 35 years, he has not only handcrafted countless tensors himself, but also uses this tool on a daily basis in his energetic work.<\/p>\n\n\n\n<p>As a human energy practitioner, kinesiologist, and Bach flower therapist, Thomas combines solid technical expertise with decades of practical experience. His approach is deliberately grounded: he explains tensor work in a biophysically comprehensible way \u2013 clear, structured, and accessible to everyone.<\/p>\n\n\n\n<div style=\"height:80px\" aria-hidden=\"true\" class=\"wp-block-spacer\"><\/div>\n\n\n\n<hr class=\"wp-block-separator has-alpha-channel-opacity\"\/>\n\n\n\n<div style=\"height:80px\" aria-hidden=\"true\" class=\"wp-block-spacer\"><\/div>\n\n\n\n<p><strong>What to Expect in the Seminar:<\/strong><\/p>\n\n\n\n<ul class=\"wp-block-list\">\n<li><strong>Theory:<\/strong>&nbsp;Biophysical principles, resonance, and the morphogenetic field<\/li>\n\n\n\n<li><strong>Practice:<\/strong>&nbsp;Calibration, questioning techniques, and common sources of error<\/li>\n\n\n\n<li><strong>Workshop:<\/strong>&nbsp;Supervised hands\u2011on exercises with direct feedback<\/li>\n<\/ul>\n\n\n\n<p>Various \u00d6kotensor models will be available for testing, with an exclusive seminar discount.<\/p>\n\n\n\n<div style=\"height:80px\" aria-hidden=\"true\" class=\"wp-block-spacer\"><\/div>\n\n\n\n<hr class=\"wp-block-separator has-alpha-channel-opacity\"\/>\n\n\n\n<div style=\"height:60px\" aria-hidden=\"true\" class=\"wp-block-spacer\"><\/div>\n\n\n\n<p><strong>Further Information and Bookings: <\/strong><br><a href=\"https:\/\/energetik-studio.at\/tensor-seminar\/#buchung\"><em><mark style=\"background-color:rgba(0, 0, 0, 0)\" class=\"has-inline-color has-accent-color\">https:\/\/energetik-studio.at\/tensor-seminar\/#buchung<\/mark><\/em><\/a><\/p>\n\n\n\n<p>Exclusive for Inve customers: <strong>20% discount<\/strong> on your course booking with the code <strong>inve20<\/strong>.<\/p>\n\n\n\n<div style=\"height:60px\" aria-hidden=\"true\" class=\"wp-block-spacer\"><\/div>\n\n\n\n<hr class=\"wp-block-separator has-alpha-channel-opacity\"\/>\n\n\n\n<figure class=\"wp-block-embed is-type-video is-provider-youtube wp-block-embed-youtube wp-embed-aspect-16-9 wp-has-aspect-ratio\"><div class=\"wp-block-embed__wrapper\">\n<iframe loading=\"lazy\" title=\"Tensor-Seminar: 35 Jahre Praxis an einem Tag\" width=\"1200\" height=\"675\" src=\"https:\/\/www.youtube.com\/embed\/IByCxJMPp7U?feature=oembed\" frameborder=\"0\" allow=\"accelerometer; autoplay; clipboard-write; encrypted-media; gyroscope; picture-in-picture; web-share\" referrerpolicy=\"strict-origin-when-cross-origin\" allowfullscreen><\/iframe>\n<\/div><\/figure>\n\n\n\n<p><\/p>\n\n\n\n<p><\/p>","protected":false},"excerpt":{"rendered":"<p>Fundierte Praxis-Ausbildung vom Profi \u2013 f\u00fcr Einsteiger und Fortgeschrittene Vom Werkstattboden zum Seminarraum Thomas Leitner kennt den \u00d6kotensor wie kaum ein anderer. Als Neffe von Ernst Weberstorfer, dem Entwickler des Original \u00d6kotensors, ist er mit &#8230; <\/p>\n<p class=\"read-more-container\"><a title=\"Tensor Seminars with Thomas Leitner\" class=\"read-more button\" href=\"https:\/\/www.inve.at\/en\/tensor-seminare-mit-thomas-leitner\/#more-6269\" aria-label=\"Read more about Tensor-Seminare mit Thomas Leitner\">Read more<\/a><\/p>","protected":false},"author":1,"featured_media":0,"parent":0,"menu_order":0,"comment_status":"closed","ping_status":"closed","template":"","meta":{"footnotes":""},"class_list":["post-6269","page","type-page","status-publish"],"_links":{"self":[{"href":"https:\/\/www.inve.at\/en\/wp-json\/wp\/v2\/pages\/6269","targetHints":{"allow":["GET"]}}],"collection":[{"href":"https:\/\/www.inve.at\/en\/wp-json\/wp\/v2\/pages"}],"about":[{"href":"https:\/\/www.inve.at\/en\/wp-json\/wp\/v2\/types\/page"}],"author":[{"embeddable":true,"href":"https:\/\/www.inve.at\/en\/wp-json\/wp\/v2\/users\/1"}],"replies":[{"embeddable":true,"href":"https:\/\/www.inve.at\/en\/wp-json\/wp\/v2\/comments?post=6269"}],"version-history":[{"count":8,"href":"https:\/\/www.inve.at\/en\/wp-json\/wp\/v2\/pages\/6269\/revisions"}],"predecessor-version":[{"id":6283,"href":"https:\/\/www.inve.at\/en\/wp-json\/wp\/v2\/pages\/6269\/revisions\/6283"}],"wp:attachment":[{"href":"https:\/\/www.inve.at\/en\/wp-json\/wp\/v2\/media?parent=6269"}],"curies":[{"name":"wp","href":"https:\/\/api.w.org\/{rel}","templated":true}]}}